{"id":40,"date":"2022-07-05T15:29:17","date_gmt":"2022-07-05T18:29:17","guid":{"rendered":"http:\/\/localhost\/tech\/?page_id=40"},"modified":"2024-11-29T13:41:10","modified_gmt":"2024-11-29T16:41:10","slug":"why-tachyonix","status":"publish","type":"page","link":"https:\/\/www.tachyonix.io\/br\/why-tachyonix\/","title":{"rendered":"Why Tachyonix BR"},"content":{"rendered":"\n<p>Na Tachyonix, empresa especializada em solu\u00e7\u00f5es para ecossistema SAP, promovemos uma revolu\u00e7\u00e3o na cria\u00e7\u00e3o de aplicativos com uma plataforma near-zero-code, preservando o clean core, de forma auto documentada, padronizada e integrada. Dessa forma, simplificamos o complexo, capacitando empresas a inovar e a descobrir novas possibilidades dentro do universo SAP.<br><br>Com nossa solu\u00e7\u00e3o, \u00e9 poss\u00edvel construir aplicativos SAPUI5 seguindo o design SAP Fiori, facilitando testes e mudan\u00e7as. Al\u00e9m disso, oferecemos recursos para gr\u00e1ficos e dashboards anal\u00edticos, aproveitando a robustez do SAP HANA em uma interface intuitiva. Nossa tecnologia, que conta com a certifica\u00e7\u00e3o SAP e est\u00e1 dispon\u00edvel na SAP Store, permite a cria\u00e7\u00e3o de artefatos como fonte de dados, entre elas consultas CDS, servi\u00e7os oData e APIs REST; aplica\u00e7\u00f5es empresariais e gera\u00e7\u00e3o de gr\u00e1ficos anal\u00edticos e transacionais.<\/p>\n","protected":false},"excerpt":{"rendered":"<p>Na Tachyonix, empresa especializada em solu\u00e7\u00f5es para ecossistema SAP, promovemos uma revolu\u00e7\u00e3o na cria\u00e7\u00e3o de aplicativos com uma plataforma near-zero-code, preservando o clean core, de forma auto documentada, padronizada e integrada. Dessa forma, simplificamos o complexo, capacitando empresas a inovar e a descobrir novas possibilidades dentro do universo SAP. Com nossa solu\u00e7\u00e3o, \u00e9 poss\u00edvel construir [&hellip;]<\/p>\n","protected":false},"author":1,"featured_media":0,"parent":0,"menu_order":0,"comment_status":"closed","ping_status":"closed","template":"","meta":{"footnotes":""},"class_list":["post-40","page","type-page","status-publish","hentry"],"_links":{"self":[{"href":"https:\/\/www.tachyonix.io\/br\/wp-json\/wp\/v2\/pages\/40","targetHints":{"allow":["GET"]}}],"collection":[{"href":"https:\/\/www.tachyonix.io\/br\/wp-json\/wp\/v2\/pages"}],"about":[{"href":"https:\/\/www.tachyonix.io\/br\/wp-json\/wp\/v2\/types\/page"}],"author":[{"embeddable":true,"href":"https:\/\/www.tachyonix.io\/br\/wp-json\/wp\/v2\/users\/1"}],"replies":[{"embeddable":true,"href":"https:\/\/www.tachyonix.io\/br\/wp-json\/wp\/v2\/comments?post=40"}],"version-history":[{"count":3,"href":"https:\/\/www.tachyonix.io\/br\/wp-json\/wp\/v2\/pages\/40\/revisions"}],"predecessor-version":[{"id":837,"href":"https:\/\/www.tachyonix.io\/br\/wp-json\/wp\/v2\/pages\/40\/revisions\/837"}],"wp:attachment":[{"href":"https:\/\/www.tachyonix.io\/br\/wp-json\/wp\/v2\/media?parent=40"}],"curies":[{"name":"wp","href":"https:\/\/api.w.org\/{rel}","templated":true}]}}