{"id":884,"date":"2025-02-20T13:51:15","date_gmt":"2025-02-20T16:51:15","guid":{"rendered":"http:\/\/localhost\/roteart\/tachyonix\/?page_id=884"},"modified":"2025-02-20T13:54:04","modified_gmt":"2025-02-20T16:54:04","slug":"tachyonix","status":"publish","type":"page","link":"https:\/\/www.tachyonix.io\/br\/tachyonix\/","title":{"rendered":"Tachyonix"},"content":{"rendered":"\n<p>A Tachyonix oferece uma solu\u00e7\u00e3o revolucion\u00e1ria baseada no conceito near-zero-code, composta por seis ferramentas avan\u00e7adas que operam em perfeita harmonia com o ecossistema SAP.<\/p>\n\n\n\n<p>Atrav\u00e9s de uma plataforma projetada para simplificar o desenvolvimento de aplicativos empresariais, ela elimina as complexidades tradicionais: n\u00e3o \u00e9 necess\u00e1rio dominar o framework UI5, a sintaxe CDS ou se preocupar com a cria\u00e7\u00e3o de servi\u00e7os OData.<\/p>\n\n\n\n<p>Basta ter dom\u00ednio da linguagem ABAP para implementar as regras de neg\u00f3cio e, em pouco tempo, ver suas solu\u00e7\u00f5es ganharem vida.<\/p>\n\n\n\n<p>Alinhada \u00e0s diretrizes do SAP Fiori for Web Design Guidelines, a plataforma Tachyonix transforma o desenvolvimento em uma experi\u00eancia \u00e1gil e intuitiva, sem a cria\u00e7\u00e3o de objetos propriet\u00e1rios \u2014 ou seja, sem lock-in \u2014, mantendo toda a documenta\u00e7\u00e3o organizada e reduzindo significativamente os custos com treinamentos e gest\u00e3o de mudan\u00e7as.<\/p>\n","protected":false},"excerpt":{"rendered":"<p>A Tachyonix oferece uma solu\u00e7\u00e3o revolucion\u00e1ria baseada no conceito near-zero-code, composta por seis ferramentas avan\u00e7adas que operam em perfeita harmonia com o ecossistema SAP. Atrav\u00e9s de uma plataforma projetada para simplificar o desenvolvimento de aplicativos empresariais, ela elimina as complexidades tradicionais: n\u00e3o \u00e9 necess\u00e1rio dominar o framework UI5, a sintaxe CDS ou se preocupar com [&hellip;]<\/p>\n","protected":false},"author":1,"featured_media":0,"parent":0,"menu_order":0,"comment_status":"closed","ping_status":"closed","template":"","meta":{"footnotes":""},"class_list":["post-884","page","type-page","status-publish","hentry"],"_links":{"self":[{"href":"https:\/\/www.tachyonix.io\/br\/wp-json\/wp\/v2\/pages\/884","targetHints":{"allow":["GET"]}}],"collection":[{"href":"https:\/\/www.tachyonix.io\/br\/wp-json\/wp\/v2\/pages"}],"about":[{"href":"https:\/\/www.tachyonix.io\/br\/wp-json\/wp\/v2\/types\/page"}],"author":[{"embeddable":true,"href":"https:\/\/www.tachyonix.io\/br\/wp-json\/wp\/v2\/users\/1"}],"replies":[{"embeddable":true,"href":"https:\/\/www.tachyonix.io\/br\/wp-json\/wp\/v2\/comments?post=884"}],"version-history":[{"count":3,"href":"https:\/\/www.tachyonix.io\/br\/wp-json\/wp\/v2\/pages\/884\/revisions"}],"predecessor-version":[{"id":888,"href":"https:\/\/www.tachyonix.io\/br\/wp-json\/wp\/v2\/pages\/884\/revisions\/888"}],"wp:attachment":[{"href":"https:\/\/www.tachyonix.io\/br\/wp-json\/wp\/v2\/media?parent=884"}],"curies":[{"name":"wp","href":"https:\/\/api.w.org\/{rel}","templated":true}]}}